{"id":270,"date":"2019-11-05T17:48:44","date_gmt":"2019-11-05T14:48:44","guid":{"rendered":"http:\/\/aolistanbul.com\/?page_id=270"},"modified":"2021-11-18T08:48:49","modified_gmt":"2021-11-18T05:48:49","slug":"uv-isik-yontemi-ile-yerinde-rehabilitasyon","status":"publish","type":"page","link":"http:\/\/aolistanbul.com\/?page_id=270","title":{"rendered":"Polyester Takviyeli Cam Elyaf Malzeme; Mor \u00d6tesi I\u015f\u0131k Kullan\u0131larak Yerinde K\u00fcrleme ile Rehabilitasyon"},"content":{"rendered":"\n<figure class=\"wp-block-gallery columns-1 is-cropped wp-block-gallery-1 is-layout-flex wp-block-gallery-is-layout-flex\"><ul class=\"blocks-gallery-grid\"><li class=\"blocks-gallery-item\"><figure><img decoding=\"async\" src=\"blob:http:\/\/aolistanbul.com\/3315a996-4b92-44d5-b8c6-0072ae5a337c\"\/><\/figure><\/li><\/ul><\/figure>\n","protected":false},"excerpt":{"rendered":"","protected":false},"author":1,"featured_media":0,"parent":0,"menu_order":0,"comment_status":"closed","ping_status":"closed","template":"","meta":{"footnotes":""},"class_list":["post-270","page","type-page","status-publish","hentry"],"_links":{"self":[{"href":"http:\/\/aolistanbul.com\/index.php?rest_route=\/wp\/v2\/pages\/270","targetHints":{"allow":["GET"]}}],"collection":[{"href":"http:\/\/aolistanbul.com\/index.php?rest_route=\/wp\/v2\/pages"}],"about":[{"href":"http:\/\/aolistanbul.com\/index.php?rest_route=\/wp\/v2\/types\/page"}],"author":[{"embeddable":true,"href":"http:\/\/aolistanbul.com\/index.php?rest_route=\/wp\/v2\/users\/1"}],"replies":[{"embeddable":true,"href":"http:\/\/aolistanbul.com\/index.php?rest_route=%2Fwp%2Fv2%2Fcomments&post=270"}],"version-history":[{"count":5,"href":"http:\/\/aolistanbul.com\/index.php?rest_route=\/wp\/v2\/pages\/270\/revisions"}],"predecessor-version":[{"id":3483,"href":"http:\/\/aolistanbul.com\/index.php?rest_route=\/wp\/v2\/pages\/270\/revisions\/3483"}],"wp:attachment":[{"href":"http:\/\/aolistanbul.com\/index.php?rest_route=%2Fwp%2Fv2%2Fmedia&parent=270"}],"curies":[{"name":"wp","href":"https:\/\/api.w.org\/{rel}","templated":true}]}}