{"id":631,"date":"2019-11-11T19:22:11","date_gmt":"2019-11-11T16:22:11","guid":{"rendered":"http:\/\/aolistanbul.com\/?page_id=631"},"modified":"2019-11-22T21:16:40","modified_gmt":"2019-11-22T18:16:40","slug":"basincli-su-hatti-uygulamasi","status":"publish","type":"page","link":"http:\/\/aolistanbul.com\/?page_id=631","title":{"rendered":"3 Katl\u0131 PE Boru ile Bas\u0131n\u00e7l\u0131 Su Hatt\u0131 Rehabilitasyonu"},"content":{"rendered":"","protected":false},"excerpt":{"rendered":"","protected":false},"author":1,"featured_media":0,"parent":0,"menu_order":0,"comment_status":"closed","ping_status":"closed","template":"","meta":{"footnotes":""},"class_list":["post-631","page","type-page","status-publish","hentry"],"_links":{"self":[{"href":"http:\/\/aolistanbul.com\/index.php?rest_route=\/wp\/v2\/pages\/631","targetHints":{"allow":["GET"]}}],"collection":[{"href":"http:\/\/aolistanbul.com\/index.php?rest_route=\/wp\/v2\/pages"}],"about":[{"href":"http:\/\/aolistanbul.com\/index.php?rest_route=\/wp\/v2\/types\/page"}],"author":[{"embeddable":true,"href":"http:\/\/aolistanbul.com\/index.php?rest_route=\/wp\/v2\/users\/1"}],"replies":[{"embeddable":true,"href":"http:\/\/aolistanbul.com\/index.php?rest_route=%2Fwp%2Fv2%2Fcomments&post=631"}],"version-history":[{"count":3,"href":"http:\/\/aolistanbul.com\/index.php?rest_route=\/wp\/v2\/pages\/631\/revisions"}],"predecessor-version":[{"id":760,"href":"http:\/\/aolistanbul.com\/index.php?rest_route=\/wp\/v2\/pages\/631\/revisions\/760"}],"wp:attachment":[{"href":"http:\/\/aolistanbul.com\/index.php?rest_route=%2Fwp%2Fv2%2Fmedia&parent=631"}],"curies":[{"name":"wp","href":"https:\/\/api.w.org\/{rel}","templated":true}]}}