{"id":777,"date":"2019-11-16T16:02:56","date_gmt":"2019-11-16T13:02:56","guid":{"rendered":"http:\/\/aolistanbul.com\/?page_id=777"},"modified":"2019-11-22T21:19:45","modified_gmt":"2019-11-22T18:19:45","slug":"icme-suyu-rehabilitasyonu-videolari","status":"publish","type":"page","link":"http:\/\/aolistanbul.com\/?page_id=777","title":{"rendered":"Bas\u0131n\u00e7l\u0131 Su Hatlar\u0131 Rehabilitasyonu Videolar\u0131"},"content":{"rendered":"","protected":false},"excerpt":{"rendered":"","protected":false},"author":1,"featured_media":0,"parent":0,"menu_order":0,"comment_status":"closed","ping_status":"closed","template":"","meta":{"footnotes":""},"class_list":["post-777","page","type-page","status-publish","hentry"],"_links":{"self":[{"href":"http:\/\/aolistanbul.com\/index.php?rest_route=\/wp\/v2\/pages\/777","targetHints":{"allow":["GET"]}}],"collection":[{"href":"http:\/\/aolistanbul.com\/index.php?rest_route=\/wp\/v2\/pages"}],"about":[{"href":"http:\/\/aolistanbul.com\/index.php?rest_route=\/wp\/v2\/types\/page"}],"author":[{"embeddable":true,"href":"http:\/\/aolistanbul.com\/index.php?rest_route=\/wp\/v2\/users\/1"}],"replies":[{"embeddable":true,"href":"http:\/\/aolistanbul.com\/index.php?rest_route=%2Fwp%2Fv2%2Fcomments&post=777"}],"version-history":[{"count":2,"href":"http:\/\/aolistanbul.com\/index.php?rest_route=\/wp\/v2\/pages\/777\/revisions"}],"predecessor-version":[{"id":822,"href":"http:\/\/aolistanbul.com\/index.php?rest_route=\/wp\/v2\/pages\/777\/revisions\/822"}],"wp:attachment":[{"href":"http:\/\/aolistanbul.com\/index.php?rest_route=%2Fwp%2Fv2%2Fmedia&parent=777"}],"curies":[{"name":"wp","href":"https:\/\/api.w.org\/{rel}","templated":true}]}}